{"id":681,"date":"2024-12-03T23:13:26","date_gmt":"2024-12-03T22:13:26","guid":{"rendered":"https:\/\/www.ennstaler-genussfisch.at\/wp24\/?page_id=681"},"modified":"2024-12-03T23:38:01","modified_gmt":"2024-12-03T22:38:01","slug":"impressum","status":"publish","type":"page","link":"https:\/\/www.ennstaler-genussfisch.at\/wp24\/impressum\/","title":{"rendered":"Impressum &#038; Datenschutz"},"content":{"rendered":"\t\t<div data-elementor-type=\"wp-page\" data-elementor-id=\"681\" class=\"elementor elementor-681\">\n\t\t\t\t\t\t<section class=\"elementor-section elementor-top-section elementor-element elementor-element-de4d135 elementor-section-full_width qode_elementor_container_inner elementor-section-height-default elementor-section-height-default parallax_section_no qode-content-aligment-left\" data-id=\"de4d135\" data-element_type=\"section\" data-e-type=\"section\">\n\t\t\t\t\t\t<div class=\"elementor-container elementor-column-gap-default\">\n\t\t\t\t\t<div class=\"elementor-column elementor-col-33 elementor-top-column elementor-element elementor-element-bcfa660\" data-id=\"bcfa660\" data-element_type=\"column\" data-e-type=\"column\">\n\t\t\t<div class=\"elementor-widget-wrap elementor-element-populated\">\n\t\t\t\t\t\t<div class=\"elementor-element elementor-element-a3f0504 elementor-widget elementor-widget-text-editor\" data-id=\"a3f0504\" data-element_type=\"widget\" data-e-type=\"widget\" data-widget_type=\"text-editor.default\">\n\t\t\t\t<div class=\"elementor-widget-container\">\n\t\t\t\t\t\t\t\t\t<h2>Impressum<\/h2>\t\t\t\t\t\t\t\t<\/div>\n\t\t\t\t<\/div>\n\t\t\t\t\t<\/div>\n\t\t<\/div>\n\t\t\t\t<div class=\"elementor-column elementor-col-33 elementor-top-column elementor-element elementor-element-2db1c8f\" data-id=\"2db1c8f\" data-element_type=\"column\" data-e-type=\"column\">\n\t\t\t<div class=\"elementor-widget-wrap elementor-element-populated\">\n\t\t\t\t\t\t<div class=\"elementor-element elementor-element-f8be4c3 elementor-widget elementor-widget-text-editor\" data-id=\"f8be4c3\" data-element_type=\"widget\" data-e-type=\"widget\" data-widget_type=\"text-editor.default\">\n\t\t\t\t<div class=\"elementor-widget-container\">\n\t\t\t\t\t\t\t\t\t<h3>Ennstaler Genussfisch OG<\/h3>\t\t\t\t\t\t\t\t<\/div>\n\t\t\t\t<\/div>\n\t\t\t\t<div class=\"elementor-element elementor-element-96d91af elementor-widget elementor-widget-text-editor\" data-id=\"96d91af\" data-element_type=\"widget\" data-e-type=\"widget\" data-widget_type=\"text-editor.default\">\n\t\t\t\t<div class=\"elementor-widget-container\">\n\t\t\t\t\t\t\t\t\t<p><a href=\"mailto:info@ennstaler-genussfisch.at\">info@ennstaler-genussfisch.at<\/a><\/p>\t\t\t\t\t\t\t\t<\/div>\n\t\t\t\t<\/div>\n\t\t\t\t<div class=\"elementor-element elementor-element-d39d0fd elementor-widget elementor-widget-text-editor\" data-id=\"d39d0fd\" data-element_type=\"widget\" data-e-type=\"widget\" data-widget_type=\"text-editor.default\">\n\t\t\t\t<div class=\"elementor-widget-container\">\n\t\t\t\t\t\t\t\t\t<p>0664\u2009\/\u2009142 28 98<\/p>\t\t\t\t\t\t\t\t<\/div>\n\t\t\t\t<\/div>\n\t\t\t\t\t<\/div>\n\t\t<\/div>\n\t\t\t\t<div class=\"elementor-column elementor-col-33 elementor-top-column elementor-element elementor-element-6dbb401\" data-id=\"6dbb401\" data-element_type=\"column\" data-e-type=\"column\">\n\t\t\t<div class=\"elementor-widget-wrap elementor-element-populated\">\n\t\t\t\t\t\t<div class=\"elementor-element elementor-element-73a9835 elementor-widget elementor-widget-text-editor\" data-id=\"73a9835\" data-element_type=\"widget\" data-e-type=\"widget\" data-widget_type=\"text-editor.default\">\n\t\t\t\t<div class=\"elementor-widget-container\">\n\t\t\t\t\t\t\t\t\t<h3>Adresse<\/h3>\t\t\t\t\t\t\t\t<\/div>\n\t\t\t\t<\/div>\n\t\t\t\t<div class=\"elementor-element elementor-element-460f202 elementor-widget elementor-widget-text-editor\" data-id=\"460f202\" data-element_type=\"widget\" data-e-type=\"widget\" data-widget_type=\"text-editor.default\">\n\t\t\t\t<div class=\"elementor-widget-container\">\n\t\t\t\t\t\t\t\t\t<p>Feldstra\u00dfe 26<\/p>\t\t\t\t\t\t\t\t<\/div>\n\t\t\t\t<\/div>\n\t\t\t\t<div class=\"elementor-element elementor-element-97e7d5d elementor-widget elementor-widget-text-editor\" data-id=\"97e7d5d\" data-element_type=\"widget\" data-e-type=\"widget\" data-widget_type=\"text-editor.default\">\n\t\t\t\t<div class=\"elementor-widget-container\">\n\t\t\t\t\t\t\t\t\t<p>4462 Reichraming<\/p>\t\t\t\t\t\t\t\t<\/div>\n\t\t\t\t<\/div>\n\t\t\t\t\t<\/div>\n\t\t<\/div>\n\t\t\t\t\t<\/div>\n\t\t<\/section>\n\t\t\t\t<section class=\"elementor-section elementor-top-section elementor-element elementor-element-b3386f4 elementor-section-full_width qode_elementor_container_inner elementor-section-height-default elementor-section-height-default parallax_section_no qode-content-aligment-left\" data-id=\"b3386f4\" data-element_type=\"section\" data-e-type=\"section\">\n\t\t\t\t\t\t<div class=\"elementor-container elementor-column-gap-default\">\n\t\t\t\t\t<div class=\"elementor-column elementor-col-50 elementor-top-column elementor-element elementor-element-633330e\" data-id=\"633330e\" data-element_type=\"column\" data-e-type=\"column\">\n\t\t\t<div class=\"elementor-widget-wrap elementor-element-populated\">\n\t\t\t\t\t\t<div class=\"elementor-element elementor-element-568d970 elementor-widget elementor-widget-text-editor\" data-id=\"568d970\" data-element_type=\"widget\" data-e-type=\"widget\" data-widget_type=\"text-editor.default\">\n\t\t\t\t<div class=\"elementor-widget-container\">\n\t\t\t\t\t\t\t\t\t<h2>Datenschutz<\/h2>\t\t\t\t\t\t\t\t<\/div>\n\t\t\t\t<\/div>\n\t\t\t\t\t<\/div>\n\t\t<\/div>\n\t\t\t\t<div class=\"elementor-column elementor-col-50 elementor-top-column elementor-element elementor-element-cf9e9bf\" data-id=\"cf9e9bf\" data-element_type=\"column\" data-e-type=\"column\">\n\t\t\t<div class=\"elementor-widget-wrap elementor-element-populated\">\n\t\t\t\t\t\t<div class=\"elementor-element elementor-element-a42a6a9 elementor-widget elementor-widget-text-editor\" data-id=\"a42a6a9\" data-element_type=\"widget\" data-e-type=\"widget\" data-widget_type=\"text-editor.default\">\n\t\t\t\t<div class=\"elementor-widget-container\">\n\t\t\t\t\t\t\t\t\t<p>Wir verarbeiten Ihre personenbezogenen Daten, die unter folgende <strong>Datenkategorien <\/strong>fallen:<\/p><ul><li>Name\/Firma,<\/li><li><span style=\"color: var( --e-global-color-secondary );\">Kontaktdaten (Telefonnummer, Telefaxnummer, E-Mail-Adresse, etc.)<\/span><\/li><li>Bankverbindungen, Kreditkartendaten,<\/li><li>Bestelldaten<\/li><\/ul><p>\u00a0<\/p><p>Sie haben uns Daten \u00fcber sich freiwillig zur Verf\u00fcgung gestellt und wir verarbeiten diese Daten auf Grundlage Ihrer <strong>Einwilligung<\/strong> zu folgenden Zwecken:<\/p><ul><li>Betreuung des Kunden sowie<\/li><li>f\u00fcr eigene Werbezwecke, beispielsweise zur Zusendung von Angeboten, Werbeprospekten und Newsletter (in Papier- und elektronischer Form), sowie zum Zwecke des Hinweises auf die zum Kunden bestehende oder vormalige Gesch\u00e4ftsbeziehung (Referenzhinweis).<\/li><\/ul><p>\u00a0<\/p><p>Sie k\u00f6nnen diese Einwilligung jederzeit widerrufen. Ein <strong>Widerruf<\/strong> hat zur Folge, dass wir Ihre Daten ab diesem Zeitpunkt zu oben genannten Zwecken nicht mehr verarbeiten. <strong>F\u00fcr einen Widerruf wenden Sie sich bitte an:<\/strong> <a href=\"mailto:info@ennstaler-genussfisch.at\">info@ennstaler-genussfisch.at<\/a>.<\/p><p>\u00a0<\/p><p>Die von Ihnen bereit gestellten Daten sind weiters zur <strong>Vertragserf\u00fcllung<\/strong> bzw. zur Durchf\u00fchrung vorvertraglicher Ma\u00dfnahmen erforderlich. Ohne diese Daten k\u00f6nnen wir den Vertrag mit Ihnen nicht abschlie\u00dfen.<\/p><p>Wir <strong>speichern<\/strong> Ihre Daten f\u00fcr die Dauer von einem Jahr<em>.<\/em><\/p><p>\u00a0<\/p><p><strong>Sie erreichen uns unter folgenden Kontaktdaten:<\/strong><\/p><p>Ennstaler Genussfisch OG<br \/>info@ennstaler-genussfisch.at<\/p><p>0664\u2009\/\u2009142 28 98<\/p><p>Adresse<br \/>Feldstra\u00dfe 26<\/p><p>4462 Reichraming<\/p><p><strong>\u00a0\u00a0\u00a0\u00a0\u00a0\u00a0\u00a0\u00a0\u00a0\u00a0\u00a0 <\/strong><\/p><p><strong>Unseren Datenschutzbeauftragten erreichen Sie unter: <a href=\"mailto:info@ennstaler-genussfisch.at\">info@ennstaler-genussfisch.at<\/a>.<\/strong><\/p><p><strong>\u00a0<\/strong><\/p><p><strong>Rechtsbehelfsbelehrung<\/strong><\/p><p>Ihnen stehen grunds\u00e4tzlich die Rechte auf Auskunft, Berichtigung, L\u00f6schung, Einschr\u00e4nkung, Daten\u00fcbertragbarkeit und Widerspruch zu. Daf\u00fcr wenden Sie sich an uns. Wenn Sie glauben, dass die Verarbeitung Ihrer Daten gegen das Datenschutzrecht verst\u00f6\u00dft oder Ihre datenschutzrechtlichen Anspr\u00fcche sonst in einer Weise verletzt worden sind, k\u00f6nnen Sie sich bei der Aufsichtsbeh\u00f6rde beschweren. In \u00d6sterreich ist die <a href=\"http:\/\/dsb.gv.at\/\">Datenschutzbeh\u00f6rde<\/a> zust\u00e4ndig.<\/p><p><!-- \/wp:paragraph --><\/p>\t\t\t\t\t\t\t\t<\/div>\n\t\t\t\t<\/div>\n\t\t\t\t\t<\/div>\n\t\t<\/div>\n\t\t\t\t\t<\/div>\n\t\t<\/section>\n\t\t\t\t<\/div>\n\t\t","protected":false},"excerpt":{"rendered":"<p>Impressum Ennstaler Genussfisch OG info@ennstaler-genussfisch.at 0664\u2009\/\u2009142 28 98 Adresse Feldstra\u00dfe 26 4462 Reichraming Datenschutz Wir verarbeiten Ihre personenbezogenen Daten, die unter folgende Datenkategorien fallen: Name\/Firma, Kontaktdaten (Telefonnummer, Telefaxnummer, E-Mail-Adresse, etc.) Bankverbindungen, Kreditkartendaten, Bestelldaten \u00a0 Sie haben uns Daten \u00fcber sich freiwillig zur Verf\u00fcgung gestellt und&#8230;<\/p>\n","protected":false},"author":123,"featured_media":0,"parent":0,"menu_order":0,"comment_status":"closed","ping_status":"closed","template":"full_width.php","meta":{"footnotes":""},"class_list":["post-681","page","type-page","status-publish","hentry"],"yoast_head":"<!-- This site is optimized with the Yoast SEO plugin v27.5 - https:\/\/yoast.com\/product\/yoast-seo-wordpress\/ -->\n<title>Impressum &amp; Datenschutz &#8212; Ennstaler Genussfisch<\/title>\n<meta name=\"robots\" content=\"index, follow, max-snippet:-1, max-image-preview:large, max-video-preview:-1\" \/>\n<link rel=\"canonical\" href=\"https:\/\/www.ennstaler-genussfisch.at\/wp24\/impressum\/\" \/>\n<meta property=\"og:locale\" content=\"de_DE\" \/>\n<meta property=\"og:type\" content=\"article\" \/>\n<meta property=\"og:title\" content=\"Impressum &amp; Datenschutz &#8212; Ennstaler Genussfisch\" \/>\n<meta property=\"og:description\" content=\"Impressum Ennstaler Genussfisch OG info@ennstaler-genussfisch.at 0664\u2009\/\u2009142 28 98 Adresse Feldstra\u00dfe 26 4462 Reichraming Datenschutz Wir verarbeiten Ihre personenbezogenen Daten, die unter folgende Datenkategorien fallen: Name\/Firma, Kontaktdaten (Telefonnummer, Telefaxnummer, E-Mail-Adresse, etc.) Bankverbindungen, Kreditkartendaten, Bestelldaten \u00a0 Sie haben uns Daten \u00fcber sich freiwillig zur Verf\u00fcgung gestellt und...\" \/>\n<meta property=\"og:url\" content=\"https:\/\/www.ennstaler-genussfisch.at\/wp24\/impressum\/\" \/>\n<meta property=\"og:site_name\" content=\"Ennstaler Genussfisch\" \/>\n<meta property=\"article:modified_time\" content=\"2024-12-03T22:38:01+00:00\" \/>\n<meta name=\"twitter:card\" content=\"summary_large_image\" \/>\n<meta name=\"twitter:label1\" content=\"Gesch\u00e4tzte Lesezeit\" \/>\n\t<meta name=\"twitter:data1\" content=\"2\u00a0Minuten\" \/>\n<script type=\"application\/ld+json\" class=\"yoast-schema-graph\">{\"@context\":\"https:\\\/\\\/schema.org\",\"@graph\":[{\"@type\":\"WebPage\",\"@id\":\"https:\\\/\\\/www.ennstaler-genussfisch.at\\\/wp24\\\/impressum\\\/\",\"url\":\"https:\\\/\\\/www.ennstaler-genussfisch.at\\\/wp24\\\/impressum\\\/\",\"name\":\"Impressum & Datenschutz &#8212; Ennstaler Genussfisch\",\"isPartOf\":{\"@id\":\"https:\\\/\\\/www.ennstaler-genussfisch.at\\\/wp24\\\/#website\"},\"datePublished\":\"2024-12-03T22:13:26+00:00\",\"dateModified\":\"2024-12-03T22:38:01+00:00\",\"breadcrumb\":{\"@id\":\"https:\\\/\\\/www.ennstaler-genussfisch.at\\\/wp24\\\/impressum\\\/#breadcrumb\"},\"inLanguage\":\"de\",\"potentialAction\":[{\"@type\":\"ReadAction\",\"target\":[\"https:\\\/\\\/www.ennstaler-genussfisch.at\\\/wp24\\\/impressum\\\/\"]}]},{\"@type\":\"BreadcrumbList\",\"@id\":\"https:\\\/\\\/www.ennstaler-genussfisch.at\\\/wp24\\\/impressum\\\/#breadcrumb\",\"itemListElement\":[{\"@type\":\"ListItem\",\"position\":1,\"name\":\"Startseite\",\"item\":\"https:\\\/\\\/www.ennstaler-genussfisch.at\\\/wp24\\\/\"},{\"@type\":\"ListItem\",\"position\":2,\"name\":\"Impressum &#038; Datenschutz\"}]},{\"@type\":\"WebSite\",\"@id\":\"https:\\\/\\\/www.ennstaler-genussfisch.at\\\/wp24\\\/#website\",\"url\":\"https:\\\/\\\/www.ennstaler-genussfisch.at\\\/wp24\\\/\",\"name\":\"Ennstaler Genussfisch\",\"description\":\"\",\"publisher\":{\"@id\":\"https:\\\/\\\/www.ennstaler-genussfisch.at\\\/wp24\\\/#organization\"},\"potentialAction\":[{\"@type\":\"SearchAction\",\"target\":{\"@type\":\"EntryPoint\",\"urlTemplate\":\"https:\\\/\\\/www.ennstaler-genussfisch.at\\\/wp24\\\/?s={search_term_string}\"},\"query-input\":{\"@type\":\"PropertyValueSpecification\",\"valueRequired\":true,\"valueName\":\"search_term_string\"}}],\"inLanguage\":\"de\"},{\"@type\":\"Organization\",\"@id\":\"https:\\\/\\\/www.ennstaler-genussfisch.at\\\/wp24\\\/#organization\",\"name\":\"Ennstaler Genussfisch\",\"url\":\"https:\\\/\\\/www.ennstaler-genussfisch.at\\\/wp24\\\/\",\"logo\":{\"@type\":\"ImageObject\",\"inLanguage\":\"de\",\"@id\":\"https:\\\/\\\/www.ennstaler-genussfisch.at\\\/wp24\\\/#\\\/schema\\\/logo\\\/image\\\/\",\"url\":\"https:\\\/\\\/www.ennstaler-genussfisch.at\\\/wp24\\\/wp-content\\\/uploads\\\/2024\\\/09\\\/EGF_logo-komplett-3c-e1727082358179.png\",\"contentUrl\":\"https:\\\/\\\/www.ennstaler-genussfisch.at\\\/wp24\\\/wp-content\\\/uploads\\\/2024\\\/09\\\/EGF_logo-komplett-3c-e1727082358179.png\",\"width\":400,\"height\":395,\"caption\":\"Ennstaler Genussfisch\"},\"image\":{\"@id\":\"https:\\\/\\\/www.ennstaler-genussfisch.at\\\/wp24\\\/#\\\/schema\\\/logo\\\/image\\\/\"}}]}<\/script>\n<!-- \/ Yoast SEO plugin. -->","yoast_head_json":{"title":"Impressum & Datenschutz &#8212; Ennstaler Genussfisch","robots":{"index":"index","follow":"follow","max-snippet":"max-snippet:-1","max-image-preview":"max-image-preview:large","max-video-preview":"max-video-preview:-1"},"canonical":"https:\/\/www.ennstaler-genussfisch.at\/wp24\/impressum\/","og_locale":"de_DE","og_type":"article","og_title":"Impressum & Datenschutz &#8212; Ennstaler Genussfisch","og_description":"Impressum Ennstaler Genussfisch OG info@ennstaler-genussfisch.at 0664\u2009\/\u2009142 28 98 Adresse Feldstra\u00dfe 26 4462 Reichraming Datenschutz Wir verarbeiten Ihre personenbezogenen Daten, die unter folgende Datenkategorien fallen: Name\/Firma, Kontaktdaten (Telefonnummer, Telefaxnummer, E-Mail-Adresse, etc.) Bankverbindungen, Kreditkartendaten, Bestelldaten \u00a0 Sie haben uns Daten \u00fcber sich freiwillig zur Verf\u00fcgung gestellt und...","og_url":"https:\/\/www.ennstaler-genussfisch.at\/wp24\/impressum\/","og_site_name":"Ennstaler Genussfisch","article_modified_time":"2024-12-03T22:38:01+00:00","twitter_card":"summary_large_image","twitter_misc":{"Gesch\u00e4tzte Lesezeit":"2\u00a0Minuten"},"schema":{"@context":"https:\/\/schema.org","@graph":[{"@type":"WebPage","@id":"https:\/\/www.ennstaler-genussfisch.at\/wp24\/impressum\/","url":"https:\/\/www.ennstaler-genussfisch.at\/wp24\/impressum\/","name":"Impressum & Datenschutz &#8212; Ennstaler Genussfisch","isPartOf":{"@id":"https:\/\/www.ennstaler-genussfisch.at\/wp24\/#website"},"datePublished":"2024-12-03T22:13:26+00:00","dateModified":"2024-12-03T22:38:01+00:00","breadcrumb":{"@id":"https:\/\/www.ennstaler-genussfisch.at\/wp24\/impressum\/#breadcrumb"},"inLanguage":"de","potentialAction":[{"@type":"ReadAction","target":["https:\/\/www.ennstaler-genussfisch.at\/wp24\/impressum\/"]}]},{"@type":"BreadcrumbList","@id":"https:\/\/www.ennstaler-genussfisch.at\/wp24\/impressum\/#breadcrumb","itemListElement":[{"@type":"ListItem","position":1,"name":"Startseite","item":"https:\/\/www.ennstaler-genussfisch.at\/wp24\/"},{"@type":"ListItem","position":2,"name":"Impressum &#038; Datenschutz"}]},{"@type":"WebSite","@id":"https:\/\/www.ennstaler-genussfisch.at\/wp24\/#website","url":"https:\/\/www.ennstaler-genussfisch.at\/wp24\/","name":"Ennstaler Genussfisch","description":"","publisher":{"@id":"https:\/\/www.ennstaler-genussfisch.at\/wp24\/#organization"},"potentialAction":[{"@type":"SearchAction","target":{"@type":"EntryPoint","urlTemplate":"https:\/\/www.ennstaler-genussfisch.at\/wp24\/?s={search_term_string}"},"query-input":{"@type":"PropertyValueSpecification","valueRequired":true,"valueName":"search_term_string"}}],"inLanguage":"de"},{"@type":"Organization","@id":"https:\/\/www.ennstaler-genussfisch.at\/wp24\/#organization","name":"Ennstaler Genussfisch","url":"https:\/\/www.ennstaler-genussfisch.at\/wp24\/","logo":{"@type":"ImageObject","inLanguage":"de","@id":"https:\/\/www.ennstaler-genussfisch.at\/wp24\/#\/schema\/logo\/image\/","url":"https:\/\/www.ennstaler-genussfisch.at\/wp24\/wp-content\/uploads\/2024\/09\/EGF_logo-komplett-3c-e1727082358179.png","contentUrl":"https:\/\/www.ennstaler-genussfisch.at\/wp24\/wp-content\/uploads\/2024\/09\/EGF_logo-komplett-3c-e1727082358179.png","width":400,"height":395,"caption":"Ennstaler Genussfisch"},"image":{"@id":"https:\/\/www.ennstaler-genussfisch.at\/wp24\/#\/schema\/logo\/image\/"}}]}},"_links":{"self":[{"href":"https:\/\/www.ennstaler-genussfisch.at\/wp24\/wp-json\/wp\/v2\/pages\/681","targetHints":{"allow":["GET"]}}],"collection":[{"href":"https:\/\/www.ennstaler-genussfisch.at\/wp24\/wp-json\/wp\/v2\/pages"}],"about":[{"href":"https:\/\/www.ennstaler-genussfisch.at\/wp24\/wp-json\/wp\/v2\/types\/page"}],"author":[{"embeddable":true,"href":"https:\/\/www.ennstaler-genussfisch.at\/wp24\/wp-json\/wp\/v2\/users\/123"}],"replies":[{"embeddable":true,"href":"https:\/\/www.ennstaler-genussfisch.at\/wp24\/wp-json\/wp\/v2\/comments?post=681"}],"version-history":[{"count":4,"href":"https:\/\/www.ennstaler-genussfisch.at\/wp24\/wp-json\/wp\/v2\/pages\/681\/revisions"}],"predecessor-version":[{"id":687,"href":"https:\/\/www.ennstaler-genussfisch.at\/wp24\/wp-json\/wp\/v2\/pages\/681\/revisions\/687"}],"wp:attachment":[{"href":"https:\/\/www.ennstaler-genussfisch.at\/wp24\/wp-json\/wp\/v2\/media?parent=681"}],"curies":[{"name":"wp","href":"https:\/\/api.w.org\/{rel}","templated":true}]}}